{"id":2,"date":"2022-01-03T21:55:39","date_gmt":"2022-01-03T21:55:39","guid":{"rendered":"https:\/\/knihovna.obeclubna.cz\/?page_id=2"},"modified":"2022-10-28T13:55:50","modified_gmt":"2022-10-28T13:55:50","slug":"ochrana-soukromi","status":"publish","type":"page","link":"https:\/\/knihovna.obeclubna.cz\/en\/ochrana-soukromi\/","title":{"rendered":"Ochrana soukrom\u00ed"},"content":{"rendered":"<h2><strong>Provozovatel webu<\/strong><\/h2>\n<p>Vlastn\u00edkem a provozovatelem t\u011bchto webov\u00fdch str\u00e1nek je <strong>M\u00edstn\u00ed knihovna obec Lubn\u00e1<\/strong><\/p>\n<h2><strong>Autorsk\u00e1 pr\u00e1va<\/strong><\/h2>\n<p>Obsah webu je v cel\u00e9m rozsahu chr\u00e1n\u011bn autorsk\u00fdm pr\u00e1vem. Nen\u00ed-li v\u00fdslovn\u011b uvedeno jinak, nen\u00ed mo\u017en\u00e9 obsah p\u0159eb\u00edrat, kop\u00edrovat, reprodukovat ani d\u00e1le \u0161\u00ed\u0159it jin\u00fdmi kan\u00e1ly, s v\u00fdjimkou tisku pro osobn\u00ed pot\u0159ebu a stru\u010dn\u00fdch citac\u00ed \u010di n\u00e1hled\u016f na soci\u00e1ln\u00edch s\u00edt\u00edch s uveden\u00edm zdroje. Souhlas s u\u017eit\u00edm obsahu mus\u00ed b\u00fdt v\u017edy p\u00edsemn\u00fd a lze o n\u011bj po\u017e\u00e1dat.<\/p>\n<h2><strong>Prohl\u00e1\u0161en\u00ed o p\u0159\u00edstupnosti<\/strong><\/h2>\n<p>Autor www str\u00e1nek prohla\u0161uje, \u017ee tyto str\u00e1nky se sna\u017e\u00ed o\u00a0maxim\u00e1ln\u00ed p\u0159\u00edstupnost obsahu i\u00a0v\u0161ech sv\u00fdch funk\u010dnost\u00ed pro v\u0161echny u\u017eivatele internetu.<\/p>\n<p>Webov\u00e1 prezentace je vytvo\u0159ena HTML 5.0, vizu\u00e1ln\u00ed str\u00e1nka prezentace pak s\u00a0vyu\u017eit\u00edm CSS 3.<\/p>\n<h2><strong>Informace o tv\u016frci webu<\/strong><\/h2>\n<p>Webov\u00e9 str\u00e1nky jsou vytvo\u0159eny na publika\u010dn\u00edm syst\u00e9mu WORDPRESS. Str\u00e1nky vytvo\u0159il a navrhl Mgr. Tom\u00e1\u0161 Valach. Kontaktovat jej m\u016f\u017eete na\u00a0<a href=\"https:\/\/tomasvalach.cz\/\">www.tomasvalach.cz<\/a><\/p>\n<p><strong style=\"font-size: 30px;\"><br \/>\nOchrana dat<\/strong><\/p>\n<p>P\u0159\u00edstup na str\u00e1nky\u00a0m\u016f\u017ee b\u00fdt ze strany Provozovatele podm\u00edn\u011bn poskytnut\u00edm n\u011bkter\u00fdch osobn\u00edch \u00fadaj\u016f U\u017eivatele ve smyslu z\u00e1k. \u010d. 101\/2000 Sb., o ochran\u011b osobn\u00edch \u00fadaj\u016f a p\u0159\u00edpadn\u011b i pr\u00e1vn\u00edch p\u0159edpis\u016f, v platn\u00e9m zn\u011bn\u00ed. V takov\u00e9m p\u0159\u00edpad\u011b bude Provozovatel s t\u011bmito \u00fadaji nakl\u00e1dat v souladu s platn\u00fdmi pr\u00e1vn\u00edmi p\u0159edpisy. Poskytnut\u00edm t\u011bchto \u00fadaj\u016f vyslovuje U\u017eivatel souhlas se zpracov\u00e1n\u00ed osobn\u00edch \u00fadaj\u016f Provozovatelem.<\/p>\n<h2><strong>K\u00f3dy t\u0159et\u00edch stran<\/strong><\/h2>\n<p>Provozovatel spolupracuje se spole\u010dnostmi, kter\u00e9 mu poskytuj\u00ed r\u016fzn\u00e9 slu\u017eby. Tyto spole\u010dnosti, pokud jsou k\u00a0tomu opr\u00e1vn\u011bn\u00e9, mohou nakl\u00e1dat s\u00a0osobn\u00edmi \u00fadaji u\u017eivatele, p\u0159i\u010dem\u017e s\u00a0t\u011bmito informacemi pracuj\u00ed pouze p\u0159i pln\u011bn\u00ed sv\u00fdch povinnost\u00ed a\u00a0nesm\u00ed je pou\u017e\u00edt k\u00a0jin\u00e9mu \u00fa\u010delu. Provozovatel neprod\u00e1v\u00e1, nep\u0159ev\u00e1d\u00ed a\u00a0nesd\u011bluje osobn\u00ed \u00fadaje t\u0159et\u00edm stran\u00e1m, pokud to nen\u00ed t\u0159eba k\u00a0napln\u011bn\u00ed pr\u00e1vn\u00edch p\u0159edpis\u016f.<\/p>\n<p>Pokud si u\u017eivatel p\u0159eje opravit nebo smazat osobn\u00ed data, kter\u00e9 o\u00a0n\u011bm provozovatel m\u00e1, m\u016f\u017ee jej o\u00a0to po\u017e\u00e1dat prost\u0159ednictv\u00edm kontaktn\u00edch \u00fadaj\u016f uveden\u00fdch na\u00a0t\u011bchto str\u00e1nk\u00e1ch.<\/p>","protected":false},"excerpt":{"rendered":"<p>Provozovatel webu Vlastn\u00edkem a provozovatelem t\u011bchto webov\u00fdch str\u00e1nek je M\u00edstn\u00ed knihovna obec Lubn\u00e1 Autorsk\u00e1 pr\u00e1va Obsah webu je v cel\u00e9m rozsahu chr\u00e1n\u011bn autorsk\u00fdm pr\u00e1vem. Nen\u00ed-li v\u00fdslovn\u011b<span class=\"excerpt-hellip\"> [\u2026]<\/span><\/p>\n","protected":false},"author":1,"featured_media":0,"parent":0,"menu_order":0,"comment_status":"closed","ping_status":"closed","template":"","meta":{"footnotes":""},"class_list":["post-2","page","type-page","status-publish","hentry"],"yoast_head":"<!-- This site is optimized with the Yoast SEO plugin v27.4 - https:\/\/yoast.com\/product\/yoast-seo-wordpress\/ -->\n<title>Ochrana soukrom\u00ed - M\u00edstn\u00ed knihovna Obec Lubn\u00e1<\/title>\n<meta name=\"description\" content=\"M\u00edstn\u00ed knihovna Lubn\u00e1 je um\u00edst\u011bna v prvn\u00edm pat\u0159e budovy Obecn\u00edho \u00fa\u0159adu. Do roku 2002 byla M\u00edstn\u00ed knihovna Lubn\u00e1 pobo\u010dkou Knihovny Krom\u011b\u0159\u00ed\u017eska. K 1. \u010dervenci 2002 byla \u010dinnost knihovny a kni\u017en\u00ed fond p\u0159eveden do pravomoci obce. Knihovn\u011b Krom\u011b\u0159\u00ed\u017eska z\u016fstalo metodick\u00e9 veden\u00ed a obohacov\u00e1n\u00ed knihovny o v\u00fdm\u011bnn\u00fd fond. V knihovn\u011b se nach\u00e1z\u00ed p\u0159ibli\u017en\u011b 2000 knih pro d\u011bti a dosp\u011bl\u00e9. Knihovna je otev\u0159ena jednou t\u00fddn\u011b po dobu dvou hodin. Na podzim 2014 pro\u0161la knihovna rekonstrukc\u00ed. Knihovna byla roz\u0161\u00ed\u0159ena o jednu m\u00edstnost a vytvo\u0159ilo se tak odd\u011blen\u00ed pro dosp\u011bl\u00e9 a odd\u011blen\u00ed pro d\u011bti.\" \/>\n<meta name=\"robots\" content=\"index, follow, max-snippet:-1, max-image-preview:large, max-video-preview:-1\" \/>\n<link rel=\"canonical\" href=\"https:\/\/knihovna.obeclubna.cz\/en\/ochrana-soukromi\/\" \/>\n<meta property=\"og:locale\" content=\"en_GB\" \/>\n<meta property=\"og:type\" content=\"article\" \/>\n<meta property=\"og:title\" content=\"M\u00edstn\u00ed knihovna obec Lubn\u00e1\" \/>\n<meta property=\"og:description\" content=\"M\u00edstn\u00ed knihovna Lubn\u00e1 je um\u00edst\u011bna v prvn\u00edm pat\u0159e budovy Obecn\u00edho \u00fa\u0159adu. Do roku 2002 byla M\u00edstn\u00ed knihovna Lubn\u00e1 pobo\u010dkou Knihovny Krom\u011b\u0159\u00ed\u017eska. K 1. \u010dervenci 2002 byla \u010dinnost knihovny a kni\u017en\u00ed fond p\u0159eveden do pravomoci obce. Knihovn\u011b Krom\u011b\u0159\u00ed\u017eska z\u016fstalo metodick\u00e9 veden\u00ed a obohacov\u00e1n\u00ed knihovny o v\u00fdm\u011bnn\u00fd fond. V knihovn\u011b se nach\u00e1z\u00ed p\u0159ibli\u017en\u011b 2000 knih pro d\u011bti a dosp\u011bl\u00e9. Knihovna je otev\u0159ena jednou t\u00fddn\u011b po dobu dvou hodin. Na podzim 2014 pro\u0161la knihovna rekonstrukc\u00ed. Knihovna byla roz\u0161\u00ed\u0159ena o jednu m\u00edstnost a vytvo\u0159ilo se tak odd\u011blen\u00ed pro dosp\u011bl\u00e9 a odd\u011blen\u00ed pro d\u011bti.\" \/>\n<meta property=\"og:url\" content=\"https:\/\/knihovna.obeclubna.cz\/en\/ochrana-soukromi\/\" \/>\n<meta property=\"og:site_name\" content=\"M\u00edstn\u00ed knihovna Obec Lubn\u00e1\" \/>\n<meta property=\"article:modified_time\" content=\"2022-10-28T13:55:50+00:00\" \/>\n<meta property=\"og:image\" content=\"https:\/\/knihovna.obeclubna.cz\/wp-content\/uploads\/2022\/10\/4.jpg\" \/>\n\t<meta property=\"og:image:width\" content=\"1280\" \/>\n\t<meta property=\"og:image:height\" content=\"853\" \/>\n\t<meta property=\"og:image:type\" content=\"image\/jpeg\" \/>\n<meta name=\"twitter:card\" content=\"summary_large_image\" \/>\n<meta name=\"twitter:label1\" content=\"Estimated reading time\" \/>\n\t<meta name=\"twitter:data1\" content=\"2 minutes\" \/>\n<script type=\"application\/ld+json\" class=\"yoast-schema-graph\">{\"@context\":\"https:\\\/\\\/schema.org\",\"@graph\":[{\"@type\":\"WebPage\",\"@id\":\"https:\\\/\\\/knihovna.obeclubna.cz\\\/ochrana-soukromi\\\/\",\"url\":\"https:\\\/\\\/knihovna.obeclubna.cz\\\/ochrana-soukromi\\\/\",\"name\":\"Ochrana soukrom\u00ed - M\u00edstn\u00ed knihovna Obec Lubn\u00e1\",\"isPartOf\":{\"@id\":\"https:\\\/\\\/knihovna.obeclubna.cz\\\/#website\"},\"datePublished\":\"2022-01-03T21:55:39+00:00\",\"dateModified\":\"2022-10-28T13:55:50+00:00\",\"description\":\"M\u00edstn\u00ed knihovna Lubn\u00e1 je um\u00edst\u011bna v prvn\u00edm pat\u0159e budovy Obecn\u00edho \u00fa\u0159adu. Do roku 2002 byla M\u00edstn\u00ed knihovna Lubn\u00e1 pobo\u010dkou Knihovny Krom\u011b\u0159\u00ed\u017eska. K 1. \u010dervenci 2002 byla \u010dinnost knihovny a kni\u017en\u00ed fond p\u0159eveden do pravomoci obce. Knihovn\u011b Krom\u011b\u0159\u00ed\u017eska z\u016fstalo metodick\u00e9 veden\u00ed a obohacov\u00e1n\u00ed knihovny o v\u00fdm\u011bnn\u00fd fond. V knihovn\u011b se nach\u00e1z\u00ed p\u0159ibli\u017en\u011b 2000 knih pro d\u011bti a dosp\u011bl\u00e9. Knihovna je otev\u0159ena jednou t\u00fddn\u011b po dobu dvou hodin. Na podzim 2014 pro\u0161la knihovna rekonstrukc\u00ed. Knihovna byla roz\u0161\u00ed\u0159ena o jednu m\u00edstnost a vytvo\u0159ilo se tak odd\u011blen\u00ed pro dosp\u011bl\u00e9 a odd\u011blen\u00ed pro d\u011bti.\",\"breadcrumb\":{\"@id\":\"https:\\\/\\\/knihovna.obeclubna.cz\\\/ochrana-soukromi\\\/#breadcrumb\"},\"inLanguage\":\"en-GB\",\"potentialAction\":[{\"@type\":\"ReadAction\",\"target\":[\"https:\\\/\\\/knihovna.obeclubna.cz\\\/ochrana-soukromi\\\/\"]}]},{\"@type\":\"BreadcrumbList\",\"@id\":\"https:\\\/\\\/knihovna.obeclubna.cz\\\/ochrana-soukromi\\\/#breadcrumb\",\"itemListElement\":[{\"@type\":\"ListItem\",\"position\":1,\"name\":\"Dom\u016f\",\"item\":\"https:\\\/\\\/knihovna.obeclubna.cz\\\/\"},{\"@type\":\"ListItem\",\"position\":2,\"name\":\"Ochrana soukrom\u00ed\"}]},{\"@type\":\"WebSite\",\"@id\":\"https:\\\/\\\/knihovna.obeclubna.cz\\\/#website\",\"url\":\"https:\\\/\\\/knihovna.obeclubna.cz\\\/\",\"name\":\"M\u00edstn\u00ed knihovna Obec Lubn\u00e1\",\"description\":\"Webov\u00e9 str\u00e1nky m\u00edstn\u00ed knihovny v Lubn\u00e9\",\"publisher\":{\"@id\":\"https:\\\/\\\/knihovna.obeclubna.cz\\\/#organization\"},\"potentialAction\":[{\"@type\":\"SearchAction\",\"target\":{\"@type\":\"EntryPoint\",\"urlTemplate\":\"https:\\\/\\\/knihovna.obeclubna.cz\\\/?s={search_term_string}\"},\"query-input\":{\"@type\":\"PropertyValueSpecification\",\"valueRequired\":true,\"valueName\":\"search_term_string\"}}],\"inLanguage\":\"en-GB\"},{\"@type\":\"Organization\",\"@id\":\"https:\\\/\\\/knihovna.obeclubna.cz\\\/#organization\",\"name\":\"M\u00edstn\u00ed knihovna Obec Lubn\u00e1\",\"url\":\"https:\\\/\\\/knihovna.obeclubna.cz\\\/\",\"logo\":{\"@type\":\"ImageObject\",\"inLanguage\":\"en-GB\",\"@id\":\"https:\\\/\\\/knihovna.obeclubna.cz\\\/#\\\/schema\\\/logo\\\/image\\\/\",\"url\":\"https:\\\/\\\/knihovna.obeclubna.cz\\\/wp-content\\\/uploads\\\/2022\\\/10\\\/5-1.jpg\",\"contentUrl\":\"https:\\\/\\\/knihovna.obeclubna.cz\\\/wp-content\\\/uploads\\\/2022\\\/10\\\/5-1.jpg\",\"width\":218,\"height\":156,\"caption\":\"M\u00edstn\u00ed knihovna Obec Lubn\u00e1\"},\"image\":{\"@id\":\"https:\\\/\\\/knihovna.obeclubna.cz\\\/#\\\/schema\\\/logo\\\/image\\\/\"}}]}<\/script>\n<!-- \/ Yoast SEO plugin. -->","yoast_head_json":{"title":"Ochrana soukrom\u00ed - M\u00edstn\u00ed knihovna Obec Lubn\u00e1","description":"M\u00edstn\u00ed knihovna Lubn\u00e1 je um\u00edst\u011bna v prvn\u00edm pat\u0159e budovy Obecn\u00edho \u00fa\u0159adu. Do roku 2002 byla M\u00edstn\u00ed knihovna Lubn\u00e1 pobo\u010dkou Knihovny Krom\u011b\u0159\u00ed\u017eska. K 1. \u010dervenci 2002 byla \u010dinnost knihovny a kni\u017en\u00ed fond p\u0159eveden do pravomoci obce. Knihovn\u011b Krom\u011b\u0159\u00ed\u017eska z\u016fstalo metodick\u00e9 veden\u00ed a obohacov\u00e1n\u00ed knihovny o v\u00fdm\u011bnn\u00fd fond. V knihovn\u011b se nach\u00e1z\u00ed p\u0159ibli\u017en\u011b 2000 knih pro d\u011bti a dosp\u011bl\u00e9. Knihovna je otev\u0159ena jednou t\u00fddn\u011b po dobu dvou hodin. Na podzim 2014 pro\u0161la knihovna rekonstrukc\u00ed. Knihovna byla roz\u0161\u00ed\u0159ena o jednu m\u00edstnost a vytvo\u0159ilo se tak odd\u011blen\u00ed pro dosp\u011bl\u00e9 a odd\u011blen\u00ed pro d\u011bti.","robots":{"index":"index","follow":"follow","max-snippet":"max-snippet:-1","max-image-preview":"max-image-preview:large","max-video-preview":"max-video-preview:-1"},"canonical":"https:\/\/knihovna.obeclubna.cz\/en\/ochrana-soukromi\/","og_locale":"en_GB","og_type":"article","og_title":"M\u00edstn\u00ed knihovna obec Lubn\u00e1","og_description":"M\u00edstn\u00ed knihovna Lubn\u00e1 je um\u00edst\u011bna v prvn\u00edm pat\u0159e budovy Obecn\u00edho \u00fa\u0159adu. Do roku 2002 byla M\u00edstn\u00ed knihovna Lubn\u00e1 pobo\u010dkou Knihovny Krom\u011b\u0159\u00ed\u017eska. K 1. \u010dervenci 2002 byla \u010dinnost knihovny a kni\u017en\u00ed fond p\u0159eveden do pravomoci obce. Knihovn\u011b Krom\u011b\u0159\u00ed\u017eska z\u016fstalo metodick\u00e9 veden\u00ed a obohacov\u00e1n\u00ed knihovny o v\u00fdm\u011bnn\u00fd fond. V knihovn\u011b se nach\u00e1z\u00ed p\u0159ibli\u017en\u011b 2000 knih pro d\u011bti a dosp\u011bl\u00e9. Knihovna je otev\u0159ena jednou t\u00fddn\u011b po dobu dvou hodin. Na podzim 2014 pro\u0161la knihovna rekonstrukc\u00ed. Knihovna byla roz\u0161\u00ed\u0159ena o jednu m\u00edstnost a vytvo\u0159ilo se tak odd\u011blen\u00ed pro dosp\u011bl\u00e9 a odd\u011blen\u00ed pro d\u011bti.","og_url":"https:\/\/knihovna.obeclubna.cz\/en\/ochrana-soukromi\/","og_site_name":"M\u00edstn\u00ed knihovna Obec Lubn\u00e1","article_modified_time":"2022-10-28T13:55:50+00:00","og_image":[{"width":1280,"height":853,"url":"https:\/\/knihovna.obeclubna.cz\/wp-content\/uploads\/2022\/10\/4.jpg","type":"image\/jpeg"}],"twitter_card":"summary_large_image","twitter_misc":{"Estimated reading time":"2 minutes"},"schema":{"@context":"https:\/\/schema.org","@graph":[{"@type":"WebPage","@id":"https:\/\/knihovna.obeclubna.cz\/ochrana-soukromi\/","url":"https:\/\/knihovna.obeclubna.cz\/ochrana-soukromi\/","name":"Ochrana soukrom\u00ed - M\u00edstn\u00ed knihovna Obec Lubn\u00e1","isPartOf":{"@id":"https:\/\/knihovna.obeclubna.cz\/#website"},"datePublished":"2022-01-03T21:55:39+00:00","dateModified":"2022-10-28T13:55:50+00:00","description":"M\u00edstn\u00ed knihovna Lubn\u00e1 je um\u00edst\u011bna v prvn\u00edm pat\u0159e budovy Obecn\u00edho \u00fa\u0159adu. Do roku 2002 byla M\u00edstn\u00ed knihovna Lubn\u00e1 pobo\u010dkou Knihovny Krom\u011b\u0159\u00ed\u017eska. K 1. \u010dervenci 2002 byla \u010dinnost knihovny a kni\u017en\u00ed fond p\u0159eveden do pravomoci obce. Knihovn\u011b Krom\u011b\u0159\u00ed\u017eska z\u016fstalo metodick\u00e9 veden\u00ed a obohacov\u00e1n\u00ed knihovny o v\u00fdm\u011bnn\u00fd fond. V knihovn\u011b se nach\u00e1z\u00ed p\u0159ibli\u017en\u011b 2000 knih pro d\u011bti a dosp\u011bl\u00e9. Knihovna je otev\u0159ena jednou t\u00fddn\u011b po dobu dvou hodin. Na podzim 2014 pro\u0161la knihovna rekonstrukc\u00ed. Knihovna byla roz\u0161\u00ed\u0159ena o jednu m\u00edstnost a vytvo\u0159ilo se tak odd\u011blen\u00ed pro dosp\u011bl\u00e9 a odd\u011blen\u00ed pro d\u011bti.","breadcrumb":{"@id":"https:\/\/knihovna.obeclubna.cz\/ochrana-soukromi\/#breadcrumb"},"inLanguage":"en-GB","potentialAction":[{"@type":"ReadAction","target":["https:\/\/knihovna.obeclubna.cz\/ochrana-soukromi\/"]}]},{"@type":"BreadcrumbList","@id":"https:\/\/knihovna.obeclubna.cz\/ochrana-soukromi\/#breadcrumb","itemListElement":[{"@type":"ListItem","position":1,"name":"Dom\u016f","item":"https:\/\/knihovna.obeclubna.cz\/"},{"@type":"ListItem","position":2,"name":"Ochrana soukrom\u00ed"}]},{"@type":"WebSite","@id":"https:\/\/knihovna.obeclubna.cz\/#website","url":"https:\/\/knihovna.obeclubna.cz\/","name":"M\u00edstn\u00ed knihovna Obec Lubn\u00e1","description":"Webov\u00e9 str\u00e1nky m\u00edstn\u00ed knihovny v Lubn\u00e9","publisher":{"@id":"https:\/\/knihovna.obeclubna.cz\/#organization"},"potentialAction":[{"@type":"SearchAction","target":{"@type":"EntryPoint","urlTemplate":"https:\/\/knihovna.obeclubna.cz\/?s={search_term_string}"},"query-input":{"@type":"PropertyValueSpecification","valueRequired":true,"valueName":"search_term_string"}}],"inLanguage":"en-GB"},{"@type":"Organization","@id":"https:\/\/knihovna.obeclubna.cz\/#organization","name":"M\u00edstn\u00ed knihovna Obec Lubn\u00e1","url":"https:\/\/knihovna.obeclubna.cz\/","logo":{"@type":"ImageObject","inLanguage":"en-GB","@id":"https:\/\/knihovna.obeclubna.cz\/#\/schema\/logo\/image\/","url":"https:\/\/knihovna.obeclubna.cz\/wp-content\/uploads\/2022\/10\/5-1.jpg","contentUrl":"https:\/\/knihovna.obeclubna.cz\/wp-content\/uploads\/2022\/10\/5-1.jpg","width":218,"height":156,"caption":"M\u00edstn\u00ed knihovna Obec Lubn\u00e1"},"image":{"@id":"https:\/\/knihovna.obeclubna.cz\/#\/schema\/logo\/image\/"}}]}},"_links":{"self":[{"href":"https:\/\/knihovna.obeclubna.cz\/en\/wp-json\/wp\/v2\/pages\/2","targetHints":{"allow":["GET"]}}],"collection":[{"href":"https:\/\/knihovna.obeclubna.cz\/en\/wp-json\/wp\/v2\/pages"}],"about":[{"href":"https:\/\/knihovna.obeclubna.cz\/en\/wp-json\/wp\/v2\/types\/page"}],"author":[{"embeddable":true,"href":"https:\/\/knihovna.obeclubna.cz\/en\/wp-json\/wp\/v2\/users\/1"}],"replies":[{"embeddable":true,"href":"https:\/\/knihovna.obeclubna.cz\/en\/wp-json\/wp\/v2\/comments?post=2"}],"version-history":[{"count":2,"href":"https:\/\/knihovna.obeclubna.cz\/en\/wp-json\/wp\/v2\/pages\/2\/revisions"}],"predecessor-version":[{"id":2417,"href":"https:\/\/knihovna.obeclubna.cz\/en\/wp-json\/wp\/v2\/pages\/2\/revisions\/2417"}],"wp:attachment":[{"href":"https:\/\/knihovna.obeclubna.cz\/en\/wp-json\/wp\/v2\/media?parent=2"}],"curies":[{"name":"wp","href":"https:\/\/api.w.org\/{rel}","templated":true}]}}