{"id":36,"date":"2015-07-16T14:23:45","date_gmt":"2015-07-16T14:23:45","guid":{"rendered":"http:\/\/themes.muffingroup.com\/be\/library\/?page_id=36"},"modified":"2023-09-24T12:09:24","modified_gmt":"2023-09-24T12:09:24","slug":"povinna-cetba-a-odkazy","status":"publish","type":"page","link":"https:\/\/knihovna.obeclubna.cz\/en\/povinna-cetba-a-odkazy\/","title":{"rendered":"Povinn\u00e1 \u010detba a odkazy"},"content":{"rendered":"<div data-elementor-type=\"wp-page\" data-elementor-id=\"36\" class=\"elementor elementor-36\">\n\t\t\t\t\t\t<section class=\"elementor-section elementor-top-section elementor-element elementor-element-569e5d8f elementor-section-boxed elementor-section-height-default elementor-section-height-default\" data-id=\"569e5d8f\" data-element_type=\"section\">\n\t\t\t\t\t\t<div class=\"elementor-container elementor-column-gap-default\">\n\t\t\t\t\t<div class=\"elementor-column elementor-col-50 elementor-top-column elementor-element elementor-element-5e5c7321\" data-id=\"5e5c7321\" data-element_type=\"column\" data-settings=\"{&quot;background_background&quot;:&quot;classic&quot;}\">\n\t\t\t<div class=\"elementor-widget-wrap elementor-element-populated\">\n\t\t\t\t\t\t<div class=\"elementor-element elementor-element-15e40070 elementor-widget elementor-widget-text-editor\" data-id=\"15e40070\" data-element_type=\"widget\" data-widget_type=\"text-editor.default\">\n\t\t\t\t<div class=\"elementor-widget-container\">\n\t\t\t\t\t\t\t\t\t<h1><strong>POVINN\u00c1 \u010cETBA<\/strong><\/h1><div><strong>\u00a0<\/strong><\/div><p class=\"big\">\n<table id=\"tablepress-1\" class=\"tablepress tablepress-id-1\">\n<thead>\n<tr class=\"row-1\">\n\t<th class=\"column-1\">Titul<\/th><th class=\"column-2\">Autor<\/th><th class=\"column-3\">Ke sta\u017een\u00ed<\/th><th class=\"column-4\">V knihovn\u011b<\/th>\n<\/tr>\n<\/thead>\n<tbody class=\"row-striping row-hover\">\n<tr class=\"row-2\">\n\t<td class=\"column-1\">Lakomec<\/td><td class=\"column-2\">Moliere<\/td><td class=\"column-3\"><a href=\"https:\/\/6144513aca.cbaul-cdnwnd.com\/74f1798763d3774a28b808a83fe01f44\/200000087-746c975651\/Lakomec.pdf\" rel=\"noopener\" target=\"_blank\">St\u00e1hnout<\/a><\/td><td class=\"column-4\">NE<\/td>\n<\/tr>\n<tr class=\"row-3\">\n\t<td class=\"column-1\">Mary\u0161a<\/td><td class=\"column-2\">Mr\u0161t\u00edk, A.\t<\/td><td class=\"column-3\"><\/td><td class=\"column-4\">NE<\/td>\n<\/tr>\n<tr class=\"row-4\">\n\t<td class=\"column-1\">Babi\u010dka<\/td><td class=\"column-2\">N\u011bmcov\u00e1, B.<\/td><td class=\"column-3\"><\/td><td class=\"column-4\">ANO<\/td>\n<\/tr>\n<tr class=\"row-5\">\n\t<td class=\"column-1\">Pov\u00eddky malostr\u00e1nsk\u00e9<\/td><td class=\"column-2\">Neruda, J.<\/td><td class=\"column-3\"><\/td><td class=\"column-4\">ANO<\/td>\n<\/tr>\n<tr class=\"row-6\">\n\t<td class=\"column-1\">Rozum a cit<\/td><td class=\"column-2\">Austenov\u00e1, J.\t<\/td><td class=\"column-3\"><\/td><td class=\"column-4\">NE<\/td>\n<\/tr>\n<tr class=\"row-7\">\n\t<td class=\"column-1\">\u0158\u00edkali mi Leni<\/td><td class=\"column-2\">Bezd\u011bkov\u00e1, Z.\t<\/td><td class=\"column-3\"><\/td><td class=\"column-4\">NE<\/td>\n<\/tr>\n<tr class=\"row-8\">\n\t<td class=\"column-1\">Dekameron<\/td><td class=\"column-2\">Boccaccio, G.\t<\/td><td class=\"column-3\"><\/td><td class=\"column-4\">NE<\/td>\n<\/tr>\n<tr class=\"row-9\">\n\t<td class=\"column-1\">Mistr a Mark\u00e9tka\t<\/td><td class=\"column-2\">Bulgakov\t<\/td><td class=\"column-3\"><\/td><td class=\"column-4\">NE<\/td>\n<\/tr>\n<tr class=\"row-10\">\n\t<td class=\"column-1\">Alenka v kraji div\u016f a za zrcadlem<\/td><td class=\"column-2\">Carrol, L.\t<\/td><td class=\"column-3\"><\/td><td class=\"column-4\">NE<\/td>\n<\/tr>\n<tr class=\"row-11\">\n\t<td class=\"column-1\">Robinson Crusoe<\/td><td class=\"column-2\">Defoe, D.\t<\/td><td class=\"column-3\"><\/td><td class=\"column-4\">ANO<\/td>\n<\/tr>\n<tr class=\"row-12\">\n\t<td class=\"column-1\">Oliver Twist<\/td><td class=\"column-2\">Dickens, C.\t<\/td><td class=\"column-3\"><\/td><td class=\"column-4\">ANO<\/td>\n<\/tr>\n<tr class=\"row-13\">\n\t<td class=\"column-1\">Krysa\u0159<\/td><td class=\"column-2\">Dyk, V,\t<\/td><td class=\"column-3\"><a href=\"https:\/\/6144513aca.cbaul-cdnwnd.com\/74f1798763d3774a28b808a83fe01f44\/200000090-5754b58517\/Krysa%C5%99.pdf\" rel=\"noopener\" target=\"_blank\">St\u00e1hnout<\/a><\/td><td class=\"column-4\">NE<\/td>\n<\/tr>\n<tr class=\"row-14\">\n\t<td class=\"column-1\">Kytice<\/td><td class=\"column-2\">Erben, K. J. \t<\/td><td class=\"column-3\"><a href=\"https:\/\/6144513aca.cbaul-cdnwnd.com\/74f1798763d3774a28b808a83fe01f44\/200000089-0b3300c2a2\/Kytice.pdf\" rel=\"noopener\" target=\"_blank\">St\u00e1hnout<\/a><\/td><td class=\"column-4\">NE<\/td>\n<\/tr>\n<tr class=\"row-15\">\n\t<td class=\"column-1\">Pes Baskervillsk\u00fd\t<\/td><td class=\"column-2\">Doyle, A. C.\t<\/td><td class=\"column-3\"><\/td><td class=\"column-4\">ANO<\/td>\n<\/tr>\n<tr class=\"row-16\">\n\t<td class=\"column-1\">Jm\u00e9no r\u016f\u017ee<\/td><td class=\"column-2\">Eco, W.\t<\/td><td class=\"column-3\"><a href=\"https:\/\/6144513aca.cbaul-cdnwnd.com\/74f1798763d3774a28b808a83fe01f44\/200000088-41a6842a07\/Jm%C3%A9no%20r%C5%AF%C5%BEe.pdf\" rel=\"noopener\" target=\"_blank\">St\u00e1hnout<\/a><\/td><td class=\"column-4\">NE<\/td>\n<\/tr>\n<tr class=\"row-17\">\n\t<td class=\"column-1\">M\u00e1j<\/td><td class=\"column-2\">M\u00e1cha, K. H.\t<\/td><td class=\"column-3\"><\/td><td class=\"column-4\">ANO<\/td>\n<\/tr>\n<tr class=\"row-18\">\n\t<td class=\"column-1\">Zabij\u00e1k<\/td><td class=\"column-2\">Zola, E.\t<\/td><td class=\"column-3\"><a href=\"https:\/\/6144513aca.cbaul-cdnwnd.com\/74f1798763d3774a28b808a83fe01f44\/200000091-4ae9e4be3b\/Zabij%C3%A1k.pdf\" rel=\"noopener\" target=\"_blank\">St\u00e1hnout<\/a><\/td><td class=\"column-4\">NE<\/td>\n<\/tr>\n<tr class=\"row-19\">\n\t<td class=\"column-1\">Obraz Doriana Graye<\/td><td class=\"column-2\">Wilde, O.\t<\/td><td class=\"column-3\"><a href=\"https:\/\/6144513aca.cbaul-cdnwnd.com\/74f1798763d3774a28b808a83fe01f44\/200000092-1ee821fe38\/Obraz%20Doriana%20Graye.pdf\"\" rel=\"noopener\" target=\"_blank\">St\u00e1hnout<\/a><\/td><td class=\"column-4\">NE<\/td>\n<\/tr>\n<tr class=\"row-20\">\n\t<td class=\"column-1\">Rozmarn\u00e9 l\u00e9to<\/td><td class=\"column-2\">Van\u010dura, L. \t<\/td><td class=\"column-3\"><\/td><td class=\"column-4\">ANO<\/td>\n<\/tr>\n<\/tbody>\n<\/table>\n<!-- #tablepress-1 from cache --><\/p>\t\t\t\t\t\t\t\t<\/div>\n\t\t\t\t<\/div>\n\t\t\t\t\t<\/div>\n\t\t<\/div>\n\t\t\t\t<div class=\"elementor-column elementor-col-50 elementor-top-column elementor-element elementor-element-4c437639\" data-id=\"4c437639\" data-element_type=\"column\">\n\t\t\t<div class=\"elementor-widget-wrap elementor-element-populated\">\n\t\t\t\t\t\t<div class=\"elementor-element elementor-element-9964c29 elementor-widget elementor-widget-text-editor\" data-id=\"9964c29\" data-element_type=\"widget\" data-widget_type=\"text-editor.default\">\n\t\t\t\t<div class=\"elementor-widget-container\">\n\t\t\t\t\t\t\t\t\t<h1><strong>ZAJ\u00cdMAV\u00c9 ODKAZY<\/strong><\/h1><div><strong>\u00a0<\/strong><\/div><p class=\"big\">\n<table id=\"tablepress-2\" class=\"tablepress tablepress-id-2\">\n<thead>\n<tr class=\"row-1\">\n\t<th class=\"column-1\"><center>Zaj\u00edmav\u00e9 odkazy<\/center><\/th>\n<\/tr>\n<\/thead>\n<tbody class=\"row-striping row-hover\">\n<tr class=\"row-2\">\n\t<td class=\"column-1\"><center><a href=\"http:\/\/www.knihkm.cz\" rel=\"noopener\" target=\"_blank\">Knihovna Krom\u011b\u0159\u00ed\u017eska<\/a><\/center><\/td>\n<\/tr>\n<tr class=\"row-3\">\n\t<td class=\"column-1\"><center><a href=\"http:\/\/www.kfbz.cz\" rel=\"noopener\" target=\"_blank\">Krajsk\u00e1 knihovna Franti\u0161ka Baro\u0161e<\/a><\/center><\/td>\n<\/tr>\n<tr class=\"row-4\">\n\t<td class=\"column-1\"><center><a href=\"https:\/\/www.nkp.cz\/katalogy-a-db\" rel=\"noopener\" target=\"_blank\">Katalog a datab\u00e1ze N\u00e1rodn\u00ed knihovny \u010cR<\/a><\/center><\/td>\n<\/tr>\n<tr class=\"row-5\">\n\t<td class=\"column-1\"><center><a href=\"http:\/\/www.obeclubna.cz\" rel=\"noopener\" target=\"_blank\">Obec Lubn\u00e1<\/a><\/center><\/td>\n<\/tr>\n<tr class=\"row-6\">\n\t<td class=\"column-1\"><center><a href=\"http:\/\/www.celeceskoctedetem.cz\" rel=\"noopener\" target=\"_blank\">Cel\u00e9 \u010cesko \u010dte d\u011btem<\/a><\/center><\/td>\n<\/tr>\n<tr class=\"row-7\">\n\t<td class=\"column-1\"><center><a href=\"http:\/\/www.rostemesknihou.cz\" rel=\"noopener\" target=\"_blank\">Rosteme s knihou<\/a><\/center><\/td>\n<\/tr>\n<tr class=\"row-8\">\n\t<td class=\"column-1\"><center><a href=\"http:\/\/www.ctenipomaha.cz\" rel=\"noopener\" target=\"_blank\">\u010cten\u00ed pom\u00e1h\u00e1<\/a><\/center><\/td>\n<\/tr>\n<tr class=\"row-9\">\n\t<td class=\"column-1\"><center><a href=\"http:\/\/www.bibliohelp.cz\" rel=\"noopener\" target=\"_blank\">Biblio Help<\/a><\/center><\/td>\n<\/tr>\n<\/tbody>\n<\/table>\n<!-- #tablepress-2 from cache --><\/p>\t\t\t\t\t\t\t\t<\/div>\n\t\t\t\t<\/div>\n\t\t\t\t\t<\/div>\n\t\t<\/div>\n\t\t\t\t\t<\/div>\n\t\t<\/section>\n\t\t\t\t<section class=\"elementor-section elementor-top-section elementor-element elementor-element-69935809 elementor-hidden-tablet elementor-hidden-mobile elementor-section-boxed elementor-section-height-default elementor-section-height-default\" data-id=\"69935809\" data-element_type=\"section\">\n\t\t\t\t\t\t<div class=\"elementor-container elementor-column-gap-default\">\n\t\t\t\t\t<div class=\"elementor-column elementor-col-100 elementor-top-column elementor-element elementor-element-6acea7a4\" data-id=\"6acea7a4\" data-element_type=\"column\">\n\t\t\t<div class=\"elementor-widget-wrap elementor-element-populated\">\n\t\t\t\t\t\t<div class=\"elementor-element elementor-element-6a82cfc6 elementor-widget elementor-widget-spacer\" data-id=\"6a82cfc6\" data-element_type=\"widget\" data-widget_type=\"spacer.default\">\n\t\t\t\t<div class=\"elementor-widget-container\">\n\t\t\t\t\t\t\t<div class=\"elementor-spacer\">\n\t\t\t<div class=\"elementor-spacer-inner\"><\/div>\n\t\t<\/div>\n\t\t\t\t\t\t<\/div>\n\t\t\t\t<\/div>\n\t\t\t\t\t<\/div>\n\t\t<\/div>\n\t\t\t\t\t<\/div>\n\t\t<\/section>\n\t\t\t\t<\/div>","protected":false},"excerpt":{"rendered":"<p>POVINN\u00c1 \u010cETBA \u00a0 ZAJ\u00cdMAV\u00c9 ODKAZY \u00a0<\/p>","protected":false},"author":1,"featured_media":0,"parent":0,"menu_order":0,"comment_status":"closed","ping_status":"closed","template":"","meta":{"footnotes":""},"class_list":["post-36","page","type-page","status-publish","hentry"],"yoast_head":"<!-- This site is optimized with the Yoast SEO plugin v25.5 - https:\/\/yoast.com\/wordpress\/plugins\/seo\/ -->\n<title>Povinn\u00e1 \u010detba a odkazy - M\u00edstn\u00ed knihovna Obec Lubn\u00e1<\/title>\n<meta name=\"description\" content=\"M\u00edstn\u00ed knihovna Lubn\u00e1 je um\u00edst\u011bna v prvn\u00edm pat\u0159e budovy Obecn\u00edho \u00fa\u0159adu. Do roku 2002 byla M\u00edstn\u00ed knihovna Lubn\u00e1 pobo\u010dkou Knihovny Krom\u011b\u0159\u00ed\u017eska. K 1. \u010dervenci 2002 byla \u010dinnost knihovny a kni\u017en\u00ed fond p\u0159eveden do pravomoci obce. Knihovn\u011b Krom\u011b\u0159\u00ed\u017eska z\u016fstalo metodick\u00e9 veden\u00ed a obohacov\u00e1n\u00ed knihovny o v\u00fdm\u011bnn\u00fd fond. V knihovn\u011b se nach\u00e1z\u00ed p\u0159ibli\u017en\u011b 2000 knih pro d\u011bti a dosp\u011bl\u00e9. Knihovna je otev\u0159ena jednou t\u00fddn\u011b po dobu dvou hodin. Na podzim 2014 pro\u0161la knihovna rekonstrukc\u00ed. Knihovna byla roz\u0161\u00ed\u0159ena o jednu m\u00edstnost a vytvo\u0159ilo se tak odd\u011blen\u00ed pro dosp\u011bl\u00e9 a odd\u011blen\u00ed pro d\u011bti.\" \/>\n<meta name=\"robots\" content=\"index, follow, max-snippet:-1, max-image-preview:large, max-video-preview:-1\" \/>\n<link rel=\"canonical\" href=\"https:\/\/knihovna.obeclubna.cz\/en\/povinna-cetba-a-odkazy\/\" \/>\n<meta property=\"og:locale\" content=\"en_GB\" \/>\n<meta property=\"og:type\" content=\"article\" \/>\n<meta property=\"og:title\" content=\"M\u00edstn\u00ed knihovna obec Lubn\u00e1\" \/>\n<meta property=\"og:description\" content=\"M\u00edstn\u00ed knihovna Lubn\u00e1 je um\u00edst\u011bna v prvn\u00edm pat\u0159e budovy Obecn\u00edho \u00fa\u0159adu. Do roku 2002 byla M\u00edstn\u00ed knihovna Lubn\u00e1 pobo\u010dkou Knihovny Krom\u011b\u0159\u00ed\u017eska. K 1. \u010dervenci 2002 byla \u010dinnost knihovny a kni\u017en\u00ed fond p\u0159eveden do pravomoci obce. Knihovn\u011b Krom\u011b\u0159\u00ed\u017eska z\u016fstalo metodick\u00e9 veden\u00ed a obohacov\u00e1n\u00ed knihovny o v\u00fdm\u011bnn\u00fd fond. V knihovn\u011b se nach\u00e1z\u00ed p\u0159ibli\u017en\u011b 2000 knih pro d\u011bti a dosp\u011bl\u00e9. Knihovna je otev\u0159ena jednou t\u00fddn\u011b po dobu dvou hodin. Na podzim 2014 pro\u0161la knihovna rekonstrukc\u00ed. Knihovna byla roz\u0161\u00ed\u0159ena o jednu m\u00edstnost a vytvo\u0159ilo se tak odd\u011blen\u00ed pro dosp\u011bl\u00e9 a odd\u011blen\u00ed pro d\u011bti.\" \/>\n<meta property=\"og:url\" content=\"https:\/\/knihovna.obeclubna.cz\/en\/povinna-cetba-a-odkazy\/\" \/>\n<meta property=\"og:site_name\" content=\"M\u00edstn\u00ed knihovna Obec Lubn\u00e1\" \/>\n<meta property=\"article:modified_time\" content=\"2023-09-24T12:09:24+00:00\" \/>\n<meta property=\"og:image\" content=\"https:\/\/knihovna.obeclubna.cz\/wp-content\/uploads\/2022\/10\/4.jpg\" \/>\n\t<meta property=\"og:image:width\" content=\"1280\" \/>\n\t<meta property=\"og:image:height\" content=\"853\" \/>\n\t<meta property=\"og:image:type\" content=\"image\/jpeg\" \/>\n<meta name=\"twitter:card\" content=\"summary_large_image\" \/>\n<meta name=\"twitter:label1\" content=\"Estimated reading time\" \/>\n\t<meta name=\"twitter:data1\" content=\"1 minute\" \/>\n<script type=\"application\/ld+json\" class=\"yoast-schema-graph\">{\"@context\":\"https:\/\/schema.org\",\"@graph\":[{\"@type\":\"WebPage\",\"@id\":\"https:\/\/knihovna.obeclubna.cz\/povinna-cetba-a-odkazy\/\",\"url\":\"https:\/\/knihovna.obeclubna.cz\/povinna-cetba-a-odkazy\/\",\"name\":\"Povinn\u00e1 \u010detba a odkazy - M\u00edstn\u00ed knihovna Obec Lubn\u00e1\",\"isPartOf\":{\"@id\":\"https:\/\/knihovna.obeclubna.cz\/#website\"},\"datePublished\":\"2015-07-16T14:23:45+00:00\",\"dateModified\":\"2023-09-24T12:09:24+00:00\",\"description\":\"M\u00edstn\u00ed knihovna Lubn\u00e1 je um\u00edst\u011bna v prvn\u00edm pat\u0159e budovy Obecn\u00edho \u00fa\u0159adu. Do roku 2002 byla M\u00edstn\u00ed knihovna Lubn\u00e1 pobo\u010dkou Knihovny Krom\u011b\u0159\u00ed\u017eska. K 1. \u010dervenci 2002 byla \u010dinnost knihovny a kni\u017en\u00ed fond p\u0159eveden do pravomoci obce. Knihovn\u011b Krom\u011b\u0159\u00ed\u017eska z\u016fstalo metodick\u00e9 veden\u00ed a obohacov\u00e1n\u00ed knihovny o v\u00fdm\u011bnn\u00fd fond. V knihovn\u011b se nach\u00e1z\u00ed p\u0159ibli\u017en\u011b 2000 knih pro d\u011bti a dosp\u011bl\u00e9. Knihovna je otev\u0159ena jednou t\u00fddn\u011b po dobu dvou hodin. Na podzim 2014 pro\u0161la knihovna rekonstrukc\u00ed. Knihovna byla roz\u0161\u00ed\u0159ena o jednu m\u00edstnost a vytvo\u0159ilo se tak odd\u011blen\u00ed pro dosp\u011bl\u00e9 a odd\u011blen\u00ed pro d\u011bti.\",\"breadcrumb\":{\"@id\":\"https:\/\/knihovna.obeclubna.cz\/povinna-cetba-a-odkazy\/#breadcrumb\"},\"inLanguage\":\"en-GB\",\"potentialAction\":[{\"@type\":\"ReadAction\",\"target\":[\"https:\/\/knihovna.obeclubna.cz\/povinna-cetba-a-odkazy\/\"]}]},{\"@type\":\"BreadcrumbList\",\"@id\":\"https:\/\/knihovna.obeclubna.cz\/povinna-cetba-a-odkazy\/#breadcrumb\",\"itemListElement\":[{\"@type\":\"ListItem\",\"position\":1,\"name\":\"Dom\u016f\",\"item\":\"https:\/\/knihovna.obeclubna.cz\/\"},{\"@type\":\"ListItem\",\"position\":2,\"name\":\"Povinn\u00e1 \u010detba a odkazy\"}]},{\"@type\":\"WebSite\",\"@id\":\"https:\/\/knihovna.obeclubna.cz\/#website\",\"url\":\"https:\/\/knihovna.obeclubna.cz\/\",\"name\":\"M\u00edstn\u00ed knihovna Obec Lubn\u00e1\",\"description\":\"Webov\u00e9 str\u00e1nky m\u00edstn\u00ed knihovny v Lubn\u00e9\",\"publisher\":{\"@id\":\"https:\/\/knihovna.obeclubna.cz\/#organization\"},\"potentialAction\":[{\"@type\":\"SearchAction\",\"target\":{\"@type\":\"EntryPoint\",\"urlTemplate\":\"https:\/\/knihovna.obeclubna.cz\/?s={search_term_string}\"},\"query-input\":{\"@type\":\"PropertyValueSpecification\",\"valueRequired\":true,\"valueName\":\"search_term_string\"}}],\"inLanguage\":\"en-GB\"},{\"@type\":\"Organization\",\"@id\":\"https:\/\/knihovna.obeclubna.cz\/#organization\",\"name\":\"M\u00edstn\u00ed knihovna Obec Lubn\u00e1\",\"url\":\"https:\/\/knihovna.obeclubna.cz\/\",\"logo\":{\"@type\":\"ImageObject\",\"inLanguage\":\"en-GB\",\"@id\":\"https:\/\/knihovna.obeclubna.cz\/#\/schema\/logo\/image\/\",\"url\":\"https:\/\/knihovna.obeclubna.cz\/wp-content\/uploads\/2022\/10\/5-1.jpg\",\"contentUrl\":\"https:\/\/knihovna.obeclubna.cz\/wp-content\/uploads\/2022\/10\/5-1.jpg\",\"width\":218,\"height\":156,\"caption\":\"M\u00edstn\u00ed knihovna Obec Lubn\u00e1\"},\"image\":{\"@id\":\"https:\/\/knihovna.obeclubna.cz\/#\/schema\/logo\/image\/\"}}]}<\/script>\n<!-- \/ Yoast SEO plugin. -->","yoast_head_json":{"title":"Povinn\u00e1 \u010detba a odkazy - M\u00edstn\u00ed knihovna Obec Lubn\u00e1","description":"M\u00edstn\u00ed knihovna Lubn\u00e1 je um\u00edst\u011bna v prvn\u00edm pat\u0159e budovy Obecn\u00edho \u00fa\u0159adu. Do roku 2002 byla M\u00edstn\u00ed knihovna Lubn\u00e1 pobo\u010dkou Knihovny Krom\u011b\u0159\u00ed\u017eska. K 1. \u010dervenci 2002 byla \u010dinnost knihovny a kni\u017en\u00ed fond p\u0159eveden do pravomoci obce. Knihovn\u011b Krom\u011b\u0159\u00ed\u017eska z\u016fstalo metodick\u00e9 veden\u00ed a obohacov\u00e1n\u00ed knihovny o v\u00fdm\u011bnn\u00fd fond. V knihovn\u011b se nach\u00e1z\u00ed p\u0159ibli\u017en\u011b 2000 knih pro d\u011bti a dosp\u011bl\u00e9. Knihovna je otev\u0159ena jednou t\u00fddn\u011b po dobu dvou hodin. Na podzim 2014 pro\u0161la knihovna rekonstrukc\u00ed. Knihovna byla roz\u0161\u00ed\u0159ena o jednu m\u00edstnost a vytvo\u0159ilo se tak odd\u011blen\u00ed pro dosp\u011bl\u00e9 a odd\u011blen\u00ed pro d\u011bti.","robots":{"index":"index","follow":"follow","max-snippet":"max-snippet:-1","max-image-preview":"max-image-preview:large","max-video-preview":"max-video-preview:-1"},"canonical":"https:\/\/knihovna.obeclubna.cz\/en\/povinna-cetba-a-odkazy\/","og_locale":"en_GB","og_type":"article","og_title":"M\u00edstn\u00ed knihovna obec Lubn\u00e1","og_description":"M\u00edstn\u00ed knihovna Lubn\u00e1 je um\u00edst\u011bna v prvn\u00edm pat\u0159e budovy Obecn\u00edho \u00fa\u0159adu. Do roku 2002 byla M\u00edstn\u00ed knihovna Lubn\u00e1 pobo\u010dkou Knihovny Krom\u011b\u0159\u00ed\u017eska. K 1. \u010dervenci 2002 byla \u010dinnost knihovny a kni\u017en\u00ed fond p\u0159eveden do pravomoci obce. Knihovn\u011b Krom\u011b\u0159\u00ed\u017eska z\u016fstalo metodick\u00e9 veden\u00ed a obohacov\u00e1n\u00ed knihovny o v\u00fdm\u011bnn\u00fd fond. V knihovn\u011b se nach\u00e1z\u00ed p\u0159ibli\u017en\u011b 2000 knih pro d\u011bti a dosp\u011bl\u00e9. Knihovna je otev\u0159ena jednou t\u00fddn\u011b po dobu dvou hodin. Na podzim 2014 pro\u0161la knihovna rekonstrukc\u00ed. Knihovna byla roz\u0161\u00ed\u0159ena o jednu m\u00edstnost a vytvo\u0159ilo se tak odd\u011blen\u00ed pro dosp\u011bl\u00e9 a odd\u011blen\u00ed pro d\u011bti.","og_url":"https:\/\/knihovna.obeclubna.cz\/en\/povinna-cetba-a-odkazy\/","og_site_name":"M\u00edstn\u00ed knihovna Obec Lubn\u00e1","article_modified_time":"2023-09-24T12:09:24+00:00","og_image":[{"width":1280,"height":853,"url":"https:\/\/knihovna.obeclubna.cz\/wp-content\/uploads\/2022\/10\/4.jpg","type":"image\/jpeg"}],"twitter_card":"summary_large_image","twitter_misc":{"Estimated reading time":"1 minute"},"schema":{"@context":"https:\/\/schema.org","@graph":[{"@type":"WebPage","@id":"https:\/\/knihovna.obeclubna.cz\/povinna-cetba-a-odkazy\/","url":"https:\/\/knihovna.obeclubna.cz\/povinna-cetba-a-odkazy\/","name":"Povinn\u00e1 \u010detba a odkazy - M\u00edstn\u00ed knihovna Obec Lubn\u00e1","isPartOf":{"@id":"https:\/\/knihovna.obeclubna.cz\/#website"},"datePublished":"2015-07-16T14:23:45+00:00","dateModified":"2023-09-24T12:09:24+00:00","description":"M\u00edstn\u00ed knihovna Lubn\u00e1 je um\u00edst\u011bna v prvn\u00edm pat\u0159e budovy Obecn\u00edho \u00fa\u0159adu. Do roku 2002 byla M\u00edstn\u00ed knihovna Lubn\u00e1 pobo\u010dkou Knihovny Krom\u011b\u0159\u00ed\u017eska. K 1. \u010dervenci 2002 byla \u010dinnost knihovny a kni\u017en\u00ed fond p\u0159eveden do pravomoci obce. Knihovn\u011b Krom\u011b\u0159\u00ed\u017eska z\u016fstalo metodick\u00e9 veden\u00ed a obohacov\u00e1n\u00ed knihovny o v\u00fdm\u011bnn\u00fd fond. V knihovn\u011b se nach\u00e1z\u00ed p\u0159ibli\u017en\u011b 2000 knih pro d\u011bti a dosp\u011bl\u00e9. Knihovna je otev\u0159ena jednou t\u00fddn\u011b po dobu dvou hodin. Na podzim 2014 pro\u0161la knihovna rekonstrukc\u00ed. Knihovna byla roz\u0161\u00ed\u0159ena o jednu m\u00edstnost a vytvo\u0159ilo se tak odd\u011blen\u00ed pro dosp\u011bl\u00e9 a odd\u011blen\u00ed pro d\u011bti.","breadcrumb":{"@id":"https:\/\/knihovna.obeclubna.cz\/povinna-cetba-a-odkazy\/#breadcrumb"},"inLanguage":"en-GB","potentialAction":[{"@type":"ReadAction","target":["https:\/\/knihovna.obeclubna.cz\/povinna-cetba-a-odkazy\/"]}]},{"@type":"BreadcrumbList","@id":"https:\/\/knihovna.obeclubna.cz\/povinna-cetba-a-odkazy\/#breadcrumb","itemListElement":[{"@type":"ListItem","position":1,"name":"Dom\u016f","item":"https:\/\/knihovna.obeclubna.cz\/"},{"@type":"ListItem","position":2,"name":"Povinn\u00e1 \u010detba a odkazy"}]},{"@type":"WebSite","@id":"https:\/\/knihovna.obeclubna.cz\/#website","url":"https:\/\/knihovna.obeclubna.cz\/","name":"M\u00edstn\u00ed knihovna Obec Lubn\u00e1","description":"Webov\u00e9 str\u00e1nky m\u00edstn\u00ed knihovny v Lubn\u00e9","publisher":{"@id":"https:\/\/knihovna.obeclubna.cz\/#organization"},"potentialAction":[{"@type":"SearchAction","target":{"@type":"EntryPoint","urlTemplate":"https:\/\/knihovna.obeclubna.cz\/?s={search_term_string}"},"query-input":{"@type":"PropertyValueSpecification","valueRequired":true,"valueName":"search_term_string"}}],"inLanguage":"en-GB"},{"@type":"Organization","@id":"https:\/\/knihovna.obeclubna.cz\/#organization","name":"M\u00edstn\u00ed knihovna Obec Lubn\u00e1","url":"https:\/\/knihovna.obeclubna.cz\/","logo":{"@type":"ImageObject","inLanguage":"en-GB","@id":"https:\/\/knihovna.obeclubna.cz\/#\/schema\/logo\/image\/","url":"https:\/\/knihovna.obeclubna.cz\/wp-content\/uploads\/2022\/10\/5-1.jpg","contentUrl":"https:\/\/knihovna.obeclubna.cz\/wp-content\/uploads\/2022\/10\/5-1.jpg","width":218,"height":156,"caption":"M\u00edstn\u00ed knihovna Obec Lubn\u00e1"},"image":{"@id":"https:\/\/knihovna.obeclubna.cz\/#\/schema\/logo\/image\/"}}]}},"_links":{"self":[{"href":"https:\/\/knihovna.obeclubna.cz\/en\/wp-json\/wp\/v2\/pages\/36","targetHints":{"allow":["GET"]}}],"collection":[{"href":"https:\/\/knihovna.obeclubna.cz\/en\/wp-json\/wp\/v2\/pages"}],"about":[{"href":"https:\/\/knihovna.obeclubna.cz\/en\/wp-json\/wp\/v2\/types\/page"}],"author":[{"embeddable":true,"href":"https:\/\/knihovna.obeclubna.cz\/en\/wp-json\/wp\/v2\/users\/1"}],"replies":[{"embeddable":true,"href":"https:\/\/knihovna.obeclubna.cz\/en\/wp-json\/wp\/v2\/comments?post=36"}],"version-history":[{"count":24,"href":"https:\/\/knihovna.obeclubna.cz\/en\/wp-json\/wp\/v2\/pages\/36\/revisions"}],"predecessor-version":[{"id":2591,"href":"https:\/\/knihovna.obeclubna.cz\/en\/wp-json\/wp\/v2\/pages\/36\/revisions\/2591"}],"wp:attachment":[{"href":"https:\/\/knihovna.obeclubna.cz\/en\/wp-json\/wp\/v2\/media?parent=36"}],"curies":[{"name":"wp","href":"https:\/\/api.w.org\/{rel}","templated":true}]}}